{"id":26951,"date":"2022-07-26T12:02:29","date_gmt":"2022-07-26T10:02:29","guid":{"rendered":"https:\/\/sigletos.gr\/?post_type=product&#038;p=26951"},"modified":"2022-08-01T09:58:08","modified_gmt":"2022-08-01T07:58:08","slug":"%ce%b1%ce%bc%ce%bf%cf%81%cf%84%ce%b9%cf%83%ce%ad%cf%81-%ce%bb%ce%b1%ce%b4%ce%b9%ce%bf%cf%8d-%ce%b2%ce%ac%cf%83%ce%b7-%ce%bc%ce%b5%cf%84%ce%b1%ce%bb%ce%bb%ce%b9%ce%ba%ce%ae-200n","status":"publish","type":"product","link":"https:\/\/staging.sigletos.gr\/de\/produkt\/%ce%b1%ce%bc%ce%bf%cf%81%cf%84%ce%b9%cf%83%ce%ad%cf%81-%ce%bb%ce%b1%ce%b4%ce%b9%ce%bf%cf%8d-%ce%b2%ce%ac%cf%83%ce%b7-%ce%bc%ce%b5%cf%84%ce%b1%ce%bb%ce%bb%ce%b9%ce%ba%ce%ae-200n\/","title":{"rendered":"\u00d6ld\u00e4mpfer mit Metallbasis 200N"},"content":{"rendered":"<p>\u00d6ld\u00e4mpfer mit Metallbasis 200N<\/p>","protected":false},"excerpt":{"rendered":"<p>\u00d6ld\u00e4mpfer mit Metallbasis 200N<\/p>","protected":false},"featured_media":26952,"comment_status":"closed","ping_status":"closed","template":"","meta":[],"product_brand":[],"product_cat":[875,886],"product_tag":[1117,1357,1156,1356],"class_list":{"0":"post-26951","1":"product","2":"type-product","3":"status-publish","4":"has-post-thumbnail","6":"product_cat-875","7":"product_cat-886","8":"product_tag-1117","9":"product_tag-1357","10":"product_tag-1156","11":"product_tag-1356","13":"first","14":"instock","15":"product-type-simple"},"_links":{"self":[{"href":"https:\/\/staging.sigletos.gr\/de\/wp-json\/wp\/v2\/product\/26951","targetHints":{"allow":["GET"]}}],"collection":[{"href":"https:\/\/staging.sigletos.gr\/de\/wp-json\/wp\/v2\/product"}],"about":[{"href":"https:\/\/staging.sigletos.gr\/de\/wp-json\/wp\/v2\/types\/product"}],"replies":[{"embeddable":true,"href":"https:\/\/staging.sigletos.gr\/de\/wp-json\/wp\/v2\/comments?post=26951"}],"version-history":[{"count":0,"href":"https:\/\/staging.sigletos.gr\/de\/wp-json\/wp\/v2\/product\/26951\/revisions"}],"wp:featuredmedia":[{"embeddable":true,"href":"https:\/\/staging.sigletos.gr\/de\/wp-json\/wp\/v2\/media\/26952"}],"wp:attachment":[{"href":"https:\/\/staging.sigletos.gr\/de\/wp-json\/wp\/v2\/media?parent=26951"}],"wp:term":[{"taxonomy":"product_brand","embeddable":true,"href":"https:\/\/staging.sigletos.gr\/de\/wp-json\/wp\/v2\/product_brand?post=26951"},{"taxonomy":"product_cat","embeddable":true,"href":"https:\/\/staging.sigletos.gr\/de\/wp-json\/wp\/v2\/product_cat?post=26951"},{"taxonomy":"product_tag","embeddable":true,"href":"https:\/\/staging.sigletos.gr\/de\/wp-json\/wp\/v2\/product_tag?post=26951"}],"curies":[{"name":"wp","href":"https:\/\/api.w.org\/{rel}","templated":true}]}}